{"id":220619,"date":"2022-06-20T09:46:34","date_gmt":"2022-06-20T14:46:34","guid":{"rendered":"https:\/\/ikes.com.ec\/?page_id=220619"},"modified":"2023-11-27T15:29:56","modified_gmt":"2023-11-27T20:29:56","slug":"home","status":"publish","type":"page","link":"https:\/\/ikes.com.ec\/","title":{"rendered":"Home"},"content":{"rendered":"<p>[et_pb_section fb_built=\u00bb1&#8243; _builder_version=\u00bb4.21.0&#8243; _module_preset=\u00bbdefault\u00bb background_video_mp4=\u00bbhttps:\/\/ikes.com.ec\/wp-content\/uploads\/2023\/07\/Abstract-Background-video-No-Copyright-video.mp4&#8243; global_colors_info=\u00bb{}\u00bb][et_pb_row column_structure=\u00bb2_5,3_5&#8243; _builder_version=\u00bb4.21.0&#8243; _module_preset=\u00bbdefault\u00bb max_width=\u00bb1600px\u00bb custom_padding=\u00bb0px||0px||false|false\u00bb global_colors_info=\u00bb{}\u00bb][et_pb_column type=\u00bb2_5&#8243; _builder_version=\u00bb4.21.0&#8243; _module_preset=\u00bbdefault\u00bb global_colors_info=\u00bb{}\u00bb][et_pb_image src=\u00bbhttps:\/\/ikes.com.ec\/wp-content\/uploads\/2023\/08\/logo.png\u00bb title_text=\u00bblogo\u00bb _builder_version=\u00bb4.21.0&#8243; _module_preset=\u00bbdefault\u00bb global_colors_info=\u00bb{}\u00bb][\/et_pb_image][et_pb_text _builder_version=\u00bb4.21.0&#8243; _module_preset=\u00bbdefault\u00bb text_line_height=\u00bb1.8em\u00bb header_line_height=\u00bb1.2em\u00bb global_colors_info=\u00bb{}\u00bb]<\/p>\n<h2 style=\"text-align: center;\">Te trae lo mejor de Asia directamente a tu domicilio, productos de la mejor calidad, insecticidas, inciencos, bebidas, dulces, ramen, salsas y mucho m\u00e1s<\/h2>\n<p>[\/et_pb_text][et_pb_button button_url=\u00bbhttps:\/\/ikes.com.ec\/wp-content\/uploads\/2023\/11\/Catalogo-Ikes-2023-clientes.pdf\u00bb button_text=\u00bbVER CAT\u00c1LOGO\u00bb button_alignment=\u00bbcenter\u00bb _builder_version=\u00bb4.21.0&#8243; _module_preset=\u00bbdefault\u00bb custom_button=\u00bbon\u00bb button_text_color=\u00bb#FFFFFF\u00bb button_bg_color=\u00bb#E09900&#8243; button_border_color=\u00bb#E09900&#8243; hover_enabled=\u00bb0&#8243; global_colors_info=\u00bb{}\u00bb sticky_enabled=\u00bb0&#8243; url_new_window=\u00bbon\u00bb][\/et_pb_button][\/et_pb_column][et_pb_column type=\u00bb3_5&#8243; _builder_version=\u00bb4.21.0&#8243; _module_preset=\u00bbdefault\u00bb global_colors_info=\u00bb{}\u00bb][et_pb_slider _builder_version=\u00bb4.21.0&#8243; _module_preset=\u00bbdefault\u00bb custom_padding=\u00bb3%||4%||false|false\u00bb auto=\u00bbon\u00bb auto_speed=\u00bb3000&#8243; global_colors_info=\u00bb{}\u00bb][et_pb_slide image=\u00bbhttps:\/\/ikes.com.ec\/wp-content\/uploads\/2023\/07\/insecticidas.png\u00bb _builder_version=\u00bb4.21.0&#8243; _module_preset=\u00bbdefault\u00bb background_enable_color=\u00bboff\u00bb global_colors_info=\u00bb{}\u00bb sticky_transition=\u00bbon\u00bb][\/et_pb_slide][et_pb_slide image=\u00bbhttps:\/\/ikes.com.ec\/wp-content\/uploads\/2023\/07\/Mogu-mogu-ananas.png\u00bb _builder_version=\u00bb4.21.0&#8243; _module_preset=\u00bbdefault\u00bb background_enable_color=\u00bboff\u00bb global_colors_info=\u00bb{}\u00bb sticky_transition=\u00bbon\u00bb][\/et_pb_slide][et_pb_slide image=\u00bbhttps:\/\/ikes.com.ec\/wp-content\/uploads\/2023\/07\/ramen-web.png\u00bb _builder_version=\u00bb4.21.0&#8243; _module_preset=\u00bbdefault\u00bb background_enable_color=\u00bboff\u00bb global_colors_info=\u00bb{}\u00bb sticky_transition=\u00bbon\u00bb][\/et_pb_slide][et_pb_slide image=\u00bbhttps:\/\/ikes.com.ec\/wp-content\/uploads\/2023\/07\/jaiba-1.png\u00bb _builder_version=\u00bb4.21.0&#8243; _module_preset=\u00bbdefault\u00bb background_enable_color=\u00bboff\u00bb global_colors_info=\u00bb{}\u00bb sticky_transition=\u00bbon\u00bb][\/et_pb_slide][\/et_pb_slider][\/et_pb_column][\/et_pb_row][\/et_pb_section][et_pb_section fb_built=\u00bb1&#8243; _builder_version=\u00bb4.21.0&#8243; _module_preset=\u00bbdefault\u00bb global_colors_info=\u00bb{}\u00bb][et_pb_row module_id=\u00bbcatalogoflip\u00bb _builder_version=\u00bb4.21.0&#8243; _module_preset=\u00bbdefault\u00bb global_colors_info=\u00bb{}\u00bb][et_pb_column type=\u00bb4_4&#8243; _builder_version=\u00bb4.21.0&#8243; _module_preset=\u00bbdefault\u00bb global_colors_info=\u00bb{}\u00bb][et_pb_code _builder_version=\u00bb4.21.0&#8243; _module_preset=\u00bbdefault\u00bb max_width=\u00bb1600%\u00bb module_alignment=\u00bbcenter\u00bb global_colors_info=\u00bb{}\u00bb]\r\n<!--change the width and height value as you want.--> \r\n<!-- Do change \"index.htm\" to your real html name of the flippingbook--> \r\n<iframe  style=\"width:1080px;height:800px\"  src=\"https:\/\/ikes.com.ec\/wp-content\/uploads\/nextflipbook\/3\/book.html\"  seamless=\"seamless\" scrolling=\"no\" frameborder=\"0\" allowtransparency=\"true\"><\/iframe>\r\n[\/et_pb_code][\/et_pb_column][\/et_pb_row][\/et_pb_section][et_pb_section fb_built=\u00bb1&#8243; _builder_version=\u00bb4.21.0&#8243; _module_preset=\u00bbdefault\u00bb custom_padding=\u00bb0px||||false|false\u00bb global_colors_info=\u00bb{}\u00bb][et_pb_row column_structure=\u00bb1_4,1_4,1_4,1_4&#8243; _builder_version=\u00bb4.21.0&#8243; _module_preset=\u00bbdefault\u00bb width=\u00bb85%\u00bb max_width=\u00bb1600px\u00bb global_colors_info=\u00bb{}\u00bb][et_pb_column type=\u00bb1_4&#8243; _builder_version=\u00bb4.21.0&#8243; _module_preset=\u00bbdefault\u00bb global_colors_info=\u00bb{}\u00bb][et_pb_image src=\u00bbhttps:\/\/ikes.com.ec\/wp-content\/uploads\/2023\/08\/port-aguila.jpg\u00bb title_text=\u00bbport-aguila\u00bb url=\u00bbhttps:\/\/ikes.com.ec\/index.php\/incienso\/\u00bb _builder_version=\u00bb4.21.0&#8243; _module_preset=\u00bbdefault\u00bb global_colors_info=\u00bb{}\u00bb][\/et_pb_image][\/et_pb_column][et_pb_column type=\u00bb1_4&#8243; _builder_version=\u00bb4.21.0&#8243; _module_preset=\u00bbdefault\u00bb global_colors_info=\u00bb{}\u00bb][et_pb_image src=\u00bbhttps:\/\/ikes.com.ec\/wp-content\/uploads\/2023\/08\/port-bebida.jpg\u00bb title_text=\u00bbport-bebida\u00bb url=\u00bbhttps:\/\/ikes.com.ec\/index.php\/bebidas\/\u00bb _builder_version=\u00bb4.21.0&#8243; _module_preset=\u00bbdefault\u00bb global_colors_info=\u00bb{}\u00bb][\/et_pb_image][\/et_pb_column][et_pb_column type=\u00bb1_4&#8243; _builder_version=\u00bb4.21.0&#8243; _module_preset=\u00bbdefault\u00bb global_colors_info=\u00bb{}\u00bb][et_pb_image src=\u00bbhttps:\/\/ikes.com.ec\/wp-content\/uploads\/2023\/08\/port-fideos.jpg\u00bb title_text=\u00bbport-fideos\u00bb url=\u00bbhttps:\/\/ikes.com.ec\/index.php\/fideos\/\u00bb _builder_version=\u00bb4.21.0&#8243; _module_preset=\u00bbdefault\u00bb global_colors_info=\u00bb{}\u00bb][\/et_pb_image][\/et_pb_column][et_pb_column type=\u00bb1_4&#8243; _builder_version=\u00bb4.21.0&#8243; _module_preset=\u00bbdefault\u00bb global_colors_info=\u00bb{}\u00bb][et_pb_image src=\u00bbhttps:\/\/ikes.com.ec\/wp-content\/uploads\/2023\/08\/port-golosinas.jpg\u00bb title_text=\u00bbport-golosinas\u00bb url=\u00bbhttps:\/\/ikes.com.ec\/index.php\/golosinas\/\u00bb _builder_version=\u00bb4.21.0&#8243; _module_preset=\u00bbdefault\u00bb global_colors_info=\u00bb{}\u00bb][\/et_pb_image][\/et_pb_column][\/et_pb_row][\/et_pb_section][et_pb_section fb_built=\u00bb1&#8243; _builder_version=\u00bb4.21.0&#8243; _module_preset=\u00bbdefault\u00bb global_colors_info=\u00bb{}\u00bb][et_pb_row column_structure=\u00bb1_2,1_2&#8243; _builder_version=\u00bb4.21.0&#8243; _module_preset=\u00bbdefault\u00bb max_width=\u00bb1600px\u00bb global_colors_info=\u00bb{}\u00bb][et_pb_column type=\u00bb1_2&#8243; _builder_version=\u00bb4.21.0&#8243; _module_preset=\u00bbdefault\u00bb global_colors_info=\u00bb{}\u00bb][et_pb_image src=\u00bbhttps:\/\/ikes.com.ec\/wp-content\/uploads\/2023\/07\/Sin-titulo.jpg\u00bb title_text=\u00bbSin t\u00edtulo\u00bb _builder_version=\u00bb4.21.0&#8243; _module_preset=\u00bbdefault\u00bb global_colors_info=\u00bb{}\u00bb][\/et_pb_image][et_pb_image src=\u00bbhttps:\/\/ikes.com.ec\/wp-content\/uploads\/2023\/08\/DSC0509-2.jpg\u00bb title_text=\u00bb_DSC0509-2&#8243; _builder_version=\u00bb4.21.0&#8243; _module_preset=\u00bbdefault\u00bb global_colors_info=\u00bb{}\u00bb][\/et_pb_image][\/et_pb_column][et_pb_column type=\u00bb1_2&#8243; _builder_version=\u00bb4.21.0&#8243; _module_preset=\u00bbdefault\u00bb global_colors_info=\u00bb{}\u00bb][et_pb_code _builder_version=\u00bb4.21.0&#8243; _module_preset=\u00bbdefault\u00bb global_colors_info=\u00bb{}\u00bb]<iframe src=\"https:\/\/www.google.com\/maps\/embed?pb=!1m17!1m12!1m3!1d3986.889178962414!2d-79.88704588524475!3d-2.195623198399612!2m3!1f0!2f0!3f0!3m2!1i1024!2i768!4f13.1!3m2!1m1!2zMsKwMTEnNDQuMiJTIDc5wrA1MycwNS41Ilc!5e0!3m2!1ses!2sec!4v1689948106136!5m2!1ses!2sec\" width=\"100%\" height=\"800px\" style=\"border:0;\" allowfullscreen=\"\" loading=\"lazy\" referrerpolicy=\"no-referrer-when-downgrade\"><\/iframe>[\/et_pb_code][\/et_pb_column][\/et_pb_row][\/et_pb_section][et_pb_section fb_built=\u00bb1&#8243; _builder_version=\u00bb4.21.0&#8243; _module_preset=\u00bbdefault\u00bb custom_padding=\u00bb0px||0px||false|false\u00bb global_colors_info=\u00bb{}\u00bb][et_pb_row column_structure=\u00bb1_3,1_3,1_3&#8243; _builder_version=\u00bb4.21.0&#8243; _module_preset=\u00bbdefault\u00bb max_width=\u00bb1600px\u00bb global_colors_info=\u00bb{}\u00bb][et_pb_column type=\u00bb1_3&#8243; _builder_version=\u00bb4.21.0&#8243; _module_preset=\u00bbdefault\u00bb global_colors_info=\u00bb{}\u00bb][et_pb_text _builder_version=\u00bb4.21.0&#8243; _module_preset=\u00bbdefault\u00bb text_font_size=\u00bb18px\u00bb global_colors_info=\u00bb{}\u00bb]<\/p>\n<address>\n<ul style=\"list-style: none; padding: 0; marging: 0;\">\n<li><strong>IKES S.A.<\/strong><\/li>\n<li>Sucre y Boyac\u00e1 esq.<\/li>\n<li>Guayaquil, Ecuador<\/li>\n<ul><\/ul>\n<\/ul>\n<\/address>\n<p>[\/et_pb_text][\/et_pb_column][et_pb_column type=\u00bb1_3&#8243; _builder_version=\u00bb4.21.0&#8243; _module_preset=\u00bbdefault\u00bb global_colors_info=\u00bb{}\u00bb][et_pb_text _builder_version=\u00bb4.21.0&#8243; _module_preset=\u00bbdefault\u00bb text_font_size=\u00bb16px\u00bb global_colors_info=\u00bb{}\u00bb]<\/p>\n<address>\n<ul style=\"list-style: none; padding: 0; marging: 0;\">\n<li><strong>M\u00f3vil: <\/strong><\/li>\n<li>(593) 963615373<\/li>\n<li><strong>Ventas<\/strong><\/li>\n<li><a href=\"mailto:#\">info@ikes.com.ec<\/a><\/li>\n<\/ul>\n<\/address>\n<p>[\/et_pb_text][\/et_pb_column][et_pb_column type=\u00bb1_3&#8243; _builder_version=\u00bb4.21.0&#8243; _module_preset=\u00bbdefault\u00bb global_colors_info=\u00bb{}\u00bb][et_pb_text _builder_version=\u00bb4.21.0&#8243; _module_preset=\u00bbdefault\u00bb text_font_size=\u00bb15px\u00bb custom_margin=\u00bb||10px||false|false\u00bb custom_padding=\u00bb||0px||false|false\u00bb global_colors_info=\u00bb{}\u00bb]<\/p>\n<p><strong>Siguenos en nuestras redes sociales:<\/strong><\/p>\n<p>[\/et_pb_text][et_pb_social_media_follow use_icon_font_size=\u00bbon\u00bb icon_font_size=\u00bb18px\u00bb _builder_version=\u00bb4.21.0&#8243; _module_preset=\u00bbdefault\u00bb text_orientation=\u00bbleft\u00bb custom_margin=\u00bb|0px|||false|false\u00bb custom_padding=\u00bb|0px|||false|false\u00bb global_colors_info=\u00bb{}\u00bb][et_pb_social_media_follow_network social_network=\u00bbfacebook\u00bb url=\u00bbhttps:\/\/www.facebook.com\/profile.php?id=100094637903868&#8243; _builder_version=\u00bb4.21.0&#8243; _module_preset=\u00bbdefault\u00bb background_color=\u00bb#3b5998&#8243; global_colors_info=\u00bb{}\u00bb follow_button=\u00bboff\u00bb url_new_window=\u00bbon\u00bb]facebook[\/et_pb_social_media_follow_network][et_pb_social_media_follow_network social_network=\u00bbinstagram\u00bb url=\u00bbhttps:\/\/www.instagram.com\/ikesecuador\/\u00bb _builder_version=\u00bb4.21.0&#8243; _module_preset=\u00bbdefault\u00bb background_color=\u00bb#ea2c59&#8243; global_colors_info=\u00bb{}\u00bb follow_button=\u00bboff\u00bb url_new_window=\u00bbon\u00bb]instagram[\/et_pb_social_media_follow_network][\/et_pb_social_media_follow][\/et_pb_column][\/et_pb_row][\/et_pb_section]<\/p>\n","protected":false},"excerpt":{"rendered":"<p>Te trae lo mejor de Asia directamente a tu domicilio, productos de la mejor calidad, insecticidas, inciencos, bebidas, dulces, ramen, salsas y mucho m\u00e1s\r\n<!--change the width and height value as you want.--> \r\n<!-- Do change \"index.htm\" to your real html name of the flippingbook--> \r\n<iframe  style=\"width:1080px;height:800px\"  src=\"https:\/\/ikes.com.ec\/wp-content\/uploads\/nextflipbook\/3\/book.html\"  seamless=\"seamless\" scrolling=\"no\" frameborder=\"0\" allowtransparency=\"true\"><\/iframe>\r\n IKES S.A. Sucre y Boyac\u00e1 esq. Guayaquil, Ecuador M\u00f3vil: (593) 963615373 Ventas info@ikes.com.ec Siguenos en nuestras redes sociales:<\/p>\n","protected":false},"author":1,"featured_media":0,"parent":0,"menu_order":0,"comment_status":"closed","ping_status":"closed","template":"","meta":{"_et_pb_use_builder":"on","_et_pb_old_content":"","_et_gb_content_width":"","footnotes":""},"class_list":["post-220619","page","type-page","status-publish","hentry"],"featured_image_urls":{"full":"","thumbnail":"","medium":"","medium_large":"","large":"","1536x1536":"","2048x2048":"","et-pb-post-main-image":"","et-pb-post-main-image-fullwidth":"","et-pb-portfolio-image":"","et-pb-portfolio-module-image":"","et-pb-portfolio-image-single":"","et-pb-gallery-module-image-portrait":"","et-pb-post-main-image-fullwidth-large":"","et-pb-image--responsive--desktop":"","et-pb-image--responsive--tablet":"","et-pb-image--responsive--phone":""},"post_excerpt_stackable":"<p>Te trae lo mejor de Asia directamente a tu domicilio, productos de la mejor calidad, insecticidas, inciencos, bebidas, dulces, ramen, salsas y mucho m\u00e1s VER CAT\u00c1LOGO IKES S.A. Sucre y Boyac\u00e1 esq. Guayaquil, Ecuador M\u00f3vil: (593) 963615373 Ventas info@ikes.com.ec Siguenos en nuestras redes sociales: FollowFollow<\/p>\n","category_list":"","author_info":{"name":"admin","url":"https:\/\/ikes.com.ec\/?author=1"},"comments_num":"0 comments","featured_image_urls_v2":{"full":"","thumbnail":"","medium":"","medium_large":"","large":"","1536x1536":"","2048x2048":"","et-pb-post-main-image":"","et-pb-post-main-image-fullwidth":"","et-pb-portfolio-image":"","et-pb-portfolio-module-image":"","et-pb-portfolio-image-single":"","et-pb-gallery-module-image-portrait":"","et-pb-post-main-image-fullwidth-large":"","et-pb-image--responsive--desktop":"","et-pb-image--responsive--tablet":"","et-pb-image--responsive--phone":""},"post_excerpt_stackable_v2":"<p>Te trae lo mejor de Asia directamente a tu domicilio, productos de la mejor calidad, insecticidas, inciencos, bebidas, dulces, ramen, salsas y mucho m\u00e1s VER CAT\u00c1LOGO IKES S.A. Sucre y Boyac\u00e1 esq. Guayaquil, Ecuador M\u00f3vil: (593) 963615373 Ventas info@ikes.com.ec Siguenos en nuestras redes sociales: FollowFollow<\/p>\n","category_list_v2":"","author_info_v2":{"name":"admin","url":"https:\/\/ikes.com.ec\/?author=1"},"comments_num_v2":"0 comments","_links":{"self":[{"href":"https:\/\/ikes.com.ec\/index.php?rest_route=\/wp\/v2\/pages\/220619","targetHints":{"allow":["GET"]}}],"collection":[{"href":"https:\/\/ikes.com.ec\/index.php?rest_route=\/wp\/v2\/pages"}],"about":[{"href":"https:\/\/ikes.com.ec\/index.php?rest_route=\/wp\/v2\/types\/page"}],"author":[{"embeddable":true,"href":"https:\/\/ikes.com.ec\/index.php?rest_route=\/wp\/v2\/users\/1"}],"replies":[{"embeddable":true,"href":"https:\/\/ikes.com.ec\/index.php?rest_route=%2Fwp%2Fv2%2Fcomments&post=220619"}],"version-history":[{"count":38,"href":"https:\/\/ikes.com.ec\/index.php?rest_route=\/wp\/v2\/pages\/220619\/revisions"}],"predecessor-version":[{"id":220900,"href":"https:\/\/ikes.com.ec\/index.php?rest_route=\/wp\/v2\/pages\/220619\/revisions\/220900"}],"wp:attachment":[{"href":"https:\/\/ikes.com.ec\/index.php?rest_route=%2Fwp%2Fv2%2Fmedia&parent=220619"}],"curies":[{"name":"wp","href":"https:\/\/api.w.org\/{rel}","templated":true}]}}